{"id":67,"date":"2019-09-15T16:31:38","date_gmt":"2019-09-15T14:31:38","guid":{"rendered":"http:\/\/www.hotelslavija.hr\/web\/?page_id=67"},"modified":"2021-02-10T21:58:42","modified_gmt":"2021-02-10T20:58:42","slug":"restoran","status":"publish","type":"page","link":"https:\/\/www.hotelslavija.hr\/web\/restoran\/","title":{"rendered":"Restoran"},"content":{"rendered":"<div class=\"book-now-btn\"><a class=\"btn\" href=\"\/rezervirajte-sobu\">REZERVIRAJTE SOBU<\/a><\/div>\n<div class=\"intro-about\">\n<h1>Dobrodo\u0161li u Para di \u0161oto<\/h1>\n\n<hr>\n\n<\/div>\n<div class=\"row offer-row\" style=\"margin-top: 50px;\">\n<div class=\"col-lg-6\">\n<img decoding=\"async\" class=\"img-responsive center-block\" src=\"http:\/\/www.hotelslavija.hr\/web\/wp-content\/uploads\/2019\/09\/restaurant-2.jpg\"><\/div>\n<div class=\"col-lg-6\">\n<p class=\"p1\"><span class=\"s1\">U prizemlju zgrade hotela Slavija smjestio se restoran Para di \u0161oto, gdje se svakodnevno gostima hotela, ali i gostima koji nisu gosti hotela, nudi ukusan doru\u010dak te mogu\u0107nost punog i polupansiona. <\/span><\/p>\n<p class=\"p1\"><span class=\"s1\">Nudimo mogu\u0107nost suradnje raznim tvrtkama u vidu poslovnih doru\u010daka, ru\u010daka i ve\u010dera. <\/span><\/p>\n<p class=\"p1\"><span class=\"s1\">Nudimo uslugu buffet doru\u010dka za tvrtke i njihove partnere te velik izbor muesli, suhog vo\u0107a, toplih napitaka i mlije\u010dnih proizvoda. Uz velik izbor hrane gosti mogu u\u017eivati i u ugodnoj atmosferi moderno ure\u0111enog restorana iznad privatnih Dioklecijanovih termi. <\/span><\/p>\n<a href=\"https:\/\/paradisoto.hr\/\" target=\"_blank\" rel=\"noopener noreferrer\">Posjetite na\u0161u web stranicu: https:\/\/paradisoto.hr\/<\/a>\n\n<\/div>\n<\/div>\n<!--\n<div class=\"row history-row\">\n<div class=\"col-md-6\"><img decoding=\"async\" class=\"img-responsive center-block restaurant-history\" src=\"..\/assets\/images\/restaurant.png\" \/><\/div>\n<div class=\"col-md-6\">\n<h3>Povijest restorana<\/h3>\nRestoran hotela izgra\u0111en je nad prostorom anti\u010dkih rimskih termi Dioklecijanove pala\u010de, svojevrsne prete\u010de dana\u0161njih wellness i spa.\nPrema vjerovanjima starih Rimljana, kupanje, u kombinaciji sa zdravom ishranom, masa\u017eom i tjelovje\u017ebom, izvor je zdravlja. Prostor koji je to obuhva\u0107ao na jednom mjestu bila su javna kupali\u0161ta koja se nazivaju thermae (latinski, preko gr\u010dkog \u201cthermos\u201d \u2013 topao).U ostalim aspektima, terme mo\u017eemo zamisliti kao kombinaciju dana\u0161nje knji\u017enice, galerije, restorana, tr\u017enice, vje\u017ebaonice, bazena i saune. Ove monumentalne gra\u0111evine Rimskog Carstva bile su centralno mjesto okupljanja, relaksacije, socijalizacije svih ljudi (bogatih i siroma\u0161nih; slobodnih i robova, \u017eena i mu\u0161karaca; djece i odraslih) i iznimno va\u017ean segment \u017eivota starih Rimljana.\n\nProstorije u termama bile su linearno nanizane, me\u0111usobno povezane i imale razli\u010ditu ulogu u vi\u0161esatnom u\u017eivanju.\nBazeni su naj\u010de\u0161\u0107e bili smje\u0161teni u apsidama prostorija (polukru\u017eni, kupolasti dijelovi gra\u0111evine) koje su vidljive u glavnoj sali restorana. Centralni podij sale restorana izgra\u0111en je nad hipokaustom, svojevrsnim sustavom podnog grijanja koji se koristio u termama. Hipokaust je prostor ispod poda, ispunjen stupovima koji su podr\u017eavali pod, me\u0111u kojima je strujao topao zrak i grijao prostorije iznad.Spomenute apside i hipokaust vidljivi su na fotografiji, dok je danas hipokaust u podu prekriven radi o\u010duvanja, a apside su dijelom vidljive.\nUz javne, postojale su i privatne terme koje su slu\u017eile samo caru i njegovoj obitelji, i primjer ba\u0161 takvih termi imamo u Dioklecijanovoj pala\u010di. Na obje strane ju\u017ene polovice Dioklecijanove pala\u010de bili su termalni objekti; isto\u010dne terme i zapadne terme koje su bile vezane uz careve stambene odaje, a svojim se ve\u0107im dijelom nalaze u prizemlju hotela Slavija. Dana\u0161nji restoran smje\u0161ten je u caldariumu, tepidariumu i frigidariumu, glavnim prostorijama nekada\u0161njih carevih termi.\nTerme su nevjerojatno dostignu\u0107e rimskog graditeljstva, a njihove ostatke s ponosom \u010duvamo i prezentiramo u na\u0161em restoranu i hotelu.<\/div>\n<\/div>\n<div class=\"row restaurant-food\">\n<div class=\"col-md-6 col-md-6 col-md-push-6\"><img decoding=\"async\" class=\"img-responsive center-block\" src=\"..\/assets\/images\/food.png\" \/><\/div>\n<div class=\"col-md-6 col-md-pull-6\">\n<h3>Mediteranska kuhinja<\/h3>\nSva na\u0161a jela su spravljena u mediteranskom duhu na temeljima hrvatske autohtone kuhinje. U na\u0161im tavama i loncima ima mjesta isklju\u010divo za doma\u0107e i svje\u017ee namirnice. Ve\u0107ina potje\u010de iz na\u0161eg vrta, nedaleko od restorana, dok ostatak nabavljamo od na\u0161ih partnera koji su certificirani proizvo\u0111a\u010di organske hrane. Inspiraciju kontinuirano tra\u017eimo u tradicionalnoj dalmatinskoj ku\u017eini na na\u010din kako su to na\u0161i stari radili s puno ljubavi i strpljenja, ne zaboravljaju\u0107i pritom na najnovije trendove u kulinarskom svijetu. Tradicionalni recepti i moderne tehnike prezentacije u dru\u0161tvu chefovog kulinarskog potpisa vode do stvaranja ukusnih umjetni\u010dkih djela.\n\nMo\u017eete birati izme\u0111u ribljeg, mesnog ili vegeterijanskog menu-a.\n\n<a style=\"font-size: 14px; color: #b08c5f;\" href=\"https:\/\/paradisoto.hr\/meni-zima\/\" target=\"_blank\" rel=\"noopener noreferrer\">Pogledajte jelovnik<\/a><\/div>\n<\/div>\n-->","protected":false},"excerpt":{"rendered":"REZERVIRAJTE SOBU Dobrodo\u0161li u Para di \u0161oto U prizemlju zgrade hotela Slavija smjestio se restoran Para di \u0161oto, gdje se svakodnevno gostima hotela, ali i gostima koji nisu gosti hotela, nudi ukusan doru\u010dak te mogu\u0107nost punog i polupansiona. Nudimo mogu\u0107nost suradnje raznim tvrtkama u vidu poslovnih doru\u010daka, ru\u010daka i ve\u010dera. Nudimo uslugu buffet doru\u010dka za [&hellip;]","protected":false},"author":1,"featured_media":0,"parent":0,"menu_order":0,"comment_status":"closed","ping_status":"closed","template":"","meta":{"footnotes":""},"_links":{"self":[{"href":"https:\/\/www.hotelslavija.hr\/web\/wp-json\/wp\/v2\/pages\/67"}],"collection":[{"href":"https:\/\/www.hotelslavija.hr\/web\/wp-json\/wp\/v2\/pages"}],"about":[{"href":"https:\/\/www.hotelslavija.hr\/web\/wp-json\/wp\/v2\/types\/page"}],"author":[{"embeddable":true,"href":"https:\/\/www.hotelslavija.hr\/web\/wp-json\/wp\/v2\/users\/1"}],"replies":[{"embeddable":true,"href":"https:\/\/www.hotelslavija.hr\/web\/wp-json\/wp\/v2\/comments?post=67"}],"version-history":[{"count":4,"href":"https:\/\/www.hotelslavija.hr\/web\/wp-json\/wp\/v2\/pages\/67\/revisions"}],"predecessor-version":[{"id":592,"href":"https:\/\/www.hotelslavija.hr\/web\/wp-json\/wp\/v2\/pages\/67\/revisions\/592"}],"wp:attachment":[{"href":"https:\/\/www.hotelslavija.hr\/web\/wp-json\/wp\/v2\/media?parent=67"}],"curies":[{"name":"wp","href":"https:\/\/api.w.org\/{rel}","templated":true}]}}