{"id":63,"date":"2019-09-15T16:31:09","date_gmt":"2019-09-15T14:31:09","guid":{"rendered":"http:\/\/www.hotelslavija.hr\/web\/?page_id=63"},"modified":"2023-11-13T15:41:02","modified_gmt":"2023-11-13T14:41:02","slug":"hotel","status":"publish","type":"page","link":"https:\/\/www.hotelslavija.hr\/web\/hotel\/","title":{"rendered":"O hotelu Slavija"},"content":{"rendered":"<div class=\"book-now-btn\"><a class=\"btn\" href=\"\/rezervirajte-sobu\">REZERVIRAJTE SOBU<\/a><\/div>\r\n<div class=\"intro-about\">\r\n<h1>Dobrodo\u0161li u hotel Slavija<\/h1>\r\n<hr \/>\r\n<p class=\"p1\"><span class=\"s1\"><i>Svojom idealnom lokacijom Hotel Slavija omogu\u0107ava Vam da uronite u \u010dari \u017eivota stare gradske jezgre i anti\u010dke pala\u010de. Smje\u0161ten na zapadnom dijelu Dioklecijanove pala\u010de, okru\u017een je kamenim uli\u010dicama koje vode do najpoznatijih kulturno povijesnih znamenitosti Splita: Vestibul, Peristil, Jupiterov hram, Zapadna vrata, pala\u010da Milesi, itd.<\/i><\/span><\/p>\r\n<p class=\"p1\"><span class=\"s1\">Centar grada Splita u kojemu se nalazi hotel Slavija gotovo da je muzej na otvorenome, promatra\u010d ovdje mo\u017ee u\u017eivati u brojnim tragovima \u017eivota unutar jedne urbane cjeline, od antike, preko srednjeg i novog vijeka do suvremenosti.<i> <\/i><\/span><\/p>\r\n<\/div>\r\n<div class=\"row history-row\">\r\n<div class=\"col-md-6\"><img decoding=\"async\" class=\"img-responsive center-block\" src=\"http:\/\/www.hotelslavija.hr\/web\/wp-content\/uploads\/2019\/09\/history-hotel.png\" \/><\/div>\r\n<div class=\"col-md-6\">\r\n<h3>Povijest hotela<\/h3>\r\n<p class=\"p1\"><span class=\"s1\">Hotel Slavija najstariji je hotel s kontinuitetom rada unutar zidina Dioklecijanove pala\u010de, koja predstavlja jedno od najzna\u010dajnijih djela kasnoanti\u010dke arhitekture. Smje\u0161ten je u privatnom, ju\u017enom dijelu Dioklecijanove pala\u010de, iznad dijela zapadnih termi te se i danas na vi\u0161e mjesta u samoj zgradi hotela mogu vidjeti dijelovi anti\u010dkih zidova.<\/span><\/p>\r\n<p class=\"p1\"><span class=\"s1\">Novija povijest zgrade mo\u017ee se pratiti od kraja 16. i po\u010detka 17. stolje\u0107a kad se iznad spomenutih zapadnih Dioklecijanovih termi, izgra\u0111enih u 4. stolje\u0107u, podi\u017ee sklop renesansno \u2013 barokne pala\u010de Bre\u0161an koja se po\u010detkom 20. stolje\u0107a adaptira u Hotel Slaviju. Hotel u to vrijeme ugo\u0161\u0107uje neke od poznatih knji\u017eevnika, politi\u010dara, glumaca, a prvo veliko preure\u0111enje hotela odvija se desetlje\u0107e kasnije, to\u010dnije 1926. godine kada se podi\u017eu dva nova kata na zgradi. Hotel tada ima 35 luksuzno opremljenih soba. Moderno ure\u0111enje hotela bilo je zanimljivo stanovnicima grada Splita, a velika novost za grad Split bilo je uvo\u0111enje centralnog grijanja te vodovodne cijevi po sobama.<\/span><\/p>\r\n<\/div>\r\n<\/div>\r\n<div class=\"row hotel-now\">\r\n<div class=\"col-md-6 col-md-6 col-md-push-6\"><img decoding=\"async\" class=\"img-responsive center-block\" src=\"http:\/\/www.hotelslavija.hr\/web\/wp-content\/uploads\/2019\/09\/hotel-now.png\" \/>\r\n<p>&nbsp;<\/p>\r\n<\/div>\r\n<div class=\"col-md-6 col-md-pull-6\">\r\n<h3>Slavija danas<\/h3>\r\n<p class=\"p1\"><span class=\"s1\">Zgrada hotela Slavija je kao nacionalna kulturna ba\u0161tina pod za\u0161titom Ministarstva kulture Republike Hrvatske, a njezin polo\u017eaj unutar Dioklecijanove pala\u010de istovremeno joj pru\u017ea za\u0161titu UNESCO-a kao me\u0111unarodnog spomenika kulture. Stoga je hotel, uz suradnju konzervatora, sa\u010duvao svoj vanjski izgled u potpunosti. Unutra\u0161njost hotela prilikom nedavnog renoviranja predstavlja izvanredan spoj modernog ure\u0111enja u koji se savr\u0161eno uklapaju sa\u010duvani ostaci kasnoanti\u010dke Rimske kulture. <\/span><\/p>\r\n<p class=\"p1\"><span class=\"s1\">U hotel se ulazi penju\u0107i se kasnorenesansnim stubi\u0161tem s urezima loze, grozdova, cvije\u0107a i an\u0111ela s trubom. Iznad ulaza su sobe s renesansnim balkonima. <\/span><\/p>\r\n<p class=\"p1\"><span class=\"s1\">Hotel raspola\u017ee s ukupno 25 soba smje\u0161tenih na \u010detiri kata. Katovi su povezani dizalom i stubi\u0161tem, koje gostu omogu\u0107uje da svakim novim korakom otkrije djeli\u0107 povijesti Splita, gledaju\u0107i u anti\u010dke ili srednjevjekovne ostatke na zidovima. Na petom katu hotela ure\u0111ena je terasa za goste kako bi u\u017eivali u vizuri Splita.<\/span><\/p>\r\n<p class=\"p1\"><span class=\"s1\">Uz idealnu lokaciju u samom srcu grada Splita u neposrednoj blizini povijesnih znamenitosti grada, kao \u0161to su katedrala sv. Duje, pala\u010da Milesi i Jupiterov hram, koje predstavljaju jedinstveno povijesno naslje\u0111e, posebnost hotelu daju i sobe s malim renesansnim balkonima i prostranim terasama.<\/span><\/p>\r\n<p class=\"p1\"><span class=\"s1\">Sobe s terasama posebno su interesantne gostima, pogotovo ljeti kad je grad prenapu\u010den i kada je te\u0161ko do\u017eivjeti svu \u010dar Splita. Boravak u ovim sobama omogu\u0107uje gostu druga\u010diji do\u017eivljaj Splita i to na intimniji, romanti\u010dni na\u010din. Smje\u0161tene su po dvije na svakom katu, u divnom me\u0111uprostoru gradskih ulica i starih krovova, trgova s pogledom na Marjan, Jupiterov hram, kampanel Sv. Duje, itd. <\/span><\/p>\r\n<p class=\"p1\"><span class=\"s1\">Posebnost gotovo svake prostorije unutar hotela Slavija obilje\u017eena je ostacima divnih anti\u010dkih zidova, lukova i stupova, a \u010dinjenica da je hotel smje\u0161ten u dijelu Pala\u010de gdje je bio Dioklecijanov stan daje prostoru dodatnu misti\u010dnost.<\/span><\/p>\r\n<\/div>\r\n<table style=\"border-collapse: collapse; width: 100%; margin-left: 15px;\">\r\n<tbody>\r\n<tr>\r\n<td style=\"width: 1.72414%; display: none;\">\u00a0<\/td>\r\n<td style=\"width: 98.2759%;\">\r\n<h3>Drugi o nama<\/h3>\r\n<p class=\"p1\"><span class=\"s1\">Neki od linkova na publikacije u kojima drugi govore o nama:<\/span><\/p>\r\n<ul>\r\n\t<li><a href=\"https:\/\/hrcak.srce.hr\/search\/?stype=2&amp;c%5B0%5D=article_keywords&amp;r=10&amp;t%5B0%5D=hotel%20Slavija\">&#8220;Istra\u017eivanje zapadnih termi Dioklecijanove pala\u010de iz 2008. i 2009. godine&#8221;<\/a> &#8211; autor: Ivo Vojnovi\u0107, dipl. ing. arh.;<\/li>\r\n\t<li><a href=\"https:\/\/www.academia.edu\/24404045\/Istra%C5%BEivanje_Dioklecijanove_pala%C4%8De_od_1985_do_2005\">&#8220;Istra\u017eivanje Dioklecijanove pala\u010de od 1985. do 2005.&#8221;<\/a> &#8211; autori: Snje\u017eana Perojevi\u0107, Katja Marasovi\u0107, Jerko Marasovi\u0107<\/li>\r\n\t<li><a href=\"https:\/\/hr.wikipedia.org\/wiki\/Hotel_Slavija,_Split\">Hotel Slavija, Split<\/a> &#8211; izvor: <a href=\"https:\/\/hr.wikipedia.org\/wiki\/Glavna_stranica\">Wikipedia<\/a><\/li>\r\n\t<li><a href=\"https:\/\/hr.wikipedia.org\/wiki\/Zgrada_hotela_Slavija_u_Splitu\">Zgrada hotela Slavija u Splitu<\/a> &#8211; izvor: <a href=\"https:\/\/hr.wikipedia.org\/wiki\/Glavna_stranica\">Wikipedia<\/a><\/li>\r\n<\/ul>\r\n<\/td>\r\n<\/tr>\r\n<\/tbody>\r\n<\/table>\r\n<\/div>","protected":false},"excerpt":{"rendered":"REZERVIRAJTE SOBU Dobrodo\u0161li u hotel Slavija Svojom idealnom lokacijom Hotel Slavija omogu\u0107ava Vam da uronite u \u010dari \u017eivota stare gradske jezgre i anti\u010dke pala\u010de. Smje\u0161ten na zapadnom dijelu Dioklecijanove pala\u010de, okru\u017een je kamenim uli\u010dicama koje vode do najpoznatijih kulturno povijesnih znamenitosti Splita: Vestibul, Peristil, Jupiterov hram, Zapadna vrata, pala\u010da Milesi, itd. Centar grada Splita u [&hellip;]","protected":false},"author":1,"featured_media":0,"parent":0,"menu_order":0,"comment_status":"closed","ping_status":"closed","template":"","meta":{"footnotes":""},"_links":{"self":[{"href":"https:\/\/www.hotelslavija.hr\/web\/wp-json\/wp\/v2\/pages\/63"}],"collection":[{"href":"https:\/\/www.hotelslavija.hr\/web\/wp-json\/wp\/v2\/pages"}],"about":[{"href":"https:\/\/www.hotelslavija.hr\/web\/wp-json\/wp\/v2\/types\/page"}],"author":[{"embeddable":true,"href":"https:\/\/www.hotelslavija.hr\/web\/wp-json\/wp\/v2\/users\/1"}],"replies":[{"embeddable":true,"href":"https:\/\/www.hotelslavija.hr\/web\/wp-json\/wp\/v2\/comments?post=63"}],"version-history":[{"count":11,"href":"https:\/\/www.hotelslavija.hr\/web\/wp-json\/wp\/v2\/pages\/63\/revisions"}],"predecessor-version":[{"id":804,"href":"https:\/\/www.hotelslavija.hr\/web\/wp-json\/wp\/v2\/pages\/63\/revisions\/804"}],"wp:attachment":[{"href":"https:\/\/www.hotelslavija.hr\/web\/wp-json\/wp\/v2\/media?parent=63"}],"curies":[{"name":"wp","href":"https:\/\/api.w.org\/{rel}","templated":true}]}}