{"id":622,"date":"2021-02-14T17:46:59","date_gmt":"2021-02-14T16:46:59","guid":{"rendered":"http:\/\/www.hotelslavija.hr\/web\/?page_id=622"},"modified":"2021-02-14T17:47:00","modified_gmt":"2021-02-14T16:47:00","slug":"projekti","status":"publish","type":"page","link":"https:\/\/www.hotelslavija.hr\/web\/projekti\/","title":{"rendered":"Projekti"},"content":{"rendered":"<div class=\"book-now-btn\"><a class=\"btn\" href=\"\/web\/hr\/posalji-upit\">PO\u0160ALJI UPIT<\/a><\/div>\n<div class=\"button-container\">\n<ul class=\"nav nav-pills\">\n \t<li class=\"active\"><a href=\"#nature\" data-toggle=\"pill\">Prijatelj prirode<\/a><\/li>\n \t<li><a href=\"#culture\" data-toggle=\"pill\">Prijatelj kulture<\/a><\/li>\n<\/ul>\n<\/div>\n<div class=\"tab-content\">\n<div id=\"nature\" class=\"tab-pane fade in active\">\n<div class=\"row offer-row\">\n<div class=\"col-lg-6\">\n<img decoding=\"async\" class=\"img-responsive center-block\" src=\"http:\/\/www.hotelslavija.hr\/web\/wp-content\/uploads\/2019\/09\/slavija-priroda.jpg\"><\/div>\n<div class=\"col-lg-6\">\n<div>\n<h3>Hotel Slavija, prijatelj prirode<\/h3>\nOsje\u0107amo se du\u017eni svakom gostu predstaviti podru\u010dje na kojem \u017eivimo kojeg istinski volimo, te smo odlu\u010dili na ovim stranicama poku\u0161ati prikazati da je osim veli\u010danstvenih gra\u0111evina i kulturnog naslje\u0111a, u\u017ee i \u0161ire podru\u010dje grada Splita jo\u0161 uvijek prekriveno velom mistike. Pogled sa vrhova planina od kojeg zastaje dah, rijeke koje svojom bistrinom umiruju um i pro\u010di\u0161\u0107uju duh ili otoci koji svojom specifi\u010dnom ljepotom i energijom zarobe srce\u2026To je Split, kojeg \u017eelimo da upoznate.<br class=\"\"><br class=\"\">\n\nVo\u0111eni onom \u201ePlanet Zemlju nismo naslijedili od na\u0161ih predaka ve\u0107 smo ju posudili od na\u0161e djece\u201c odlu\u010dili smo nagraditi sve ljubitelje prirode koji nam po\u0161alju upit, a imaju iskaznice planinarskih i drugih udru\u017eenja vezanih za prirodu, istinsko u\u017eivanje boravkom u prirodi i njenu za\u0161titu: nudimo posebne popuste na standardnu cijenu smje\u0161taja.<br class=\"\"><br class=\"\">\n\nNapomena: ukoliko nemate iskustva u planinarenju, penjanju i sli\u010dnim aktivnostima u kojima biste se \u017eeljeli oku\u0161ati, obavezno se javite lokalnim dru\u0161tvima\/klubovima koji \u0107e vam dati sve potrebne informacije vezane za podru\u010dje va\u0161eg interesa. Mo\u017eete nas kontaktirati mailom na management (at) hotelslavija.hr, mi \u0107emo vam rado proslijediti kontakte planinarskih i vodi\u010dkih udru\u017eenja, raznih klubova i dru\u0161tava koji imaju vrijedne informacije, savjete i sugestije.<br class=\"\"><br class=\"\">\n\n<strong>Planine:<\/strong> Mosor, Kozjak, Biokovo <br class=\"\">\n<strong>Brda:<\/strong> Marjan &#8211; park \u0161uma, Perun<br class=\"\">\n<strong>Otoci:<\/strong> Bra\u010d, \u0160olta, Hvar, \u010ciovo, Vis<br class=\"\">\n<strong>Rijeke:<\/strong> \u017drnovnica, Cetina, Jadro\n\n<\/div>\n<\/div>\n<\/div>\n<\/div>\n<div id=\"culture\" class=\"tab-pane fade\">\n<div class=\"row offer-row\">\n<div class=\"col-lg-6\">\n<img decoding=\"async\" class=\"img-responsive center-block\" src=\"http:\/\/www.hotelslavija.hr\/web\/wp-content\/uploads\/2019\/09\/slavija-kutura.jpg\"><\/div>\n<div class=\"col-lg-6\">\n<div>\n<h3>Hotel Slavija, prijatelj kulture<\/h3>\nImaju\u0107i na umu da je Hotel Slavija ujedno i najstariji hotel grada Splita, osmisli smo projekt \u201eSlavija prijatelj kulture\u201c kako bismo ukazali na njegovo jedinstveno kulturno i povijesno naslje\u0111e, te na taj na\u010din o\u010duvali kulturni identitet samog objekta.<br class=\"\"><br class=\"\">\n\n\u017delja nam je da se na\u0161i gosti osje\u0107aju uistinu posebno jer borave u spomeniku kulture koji je pod za\u0161titom Ministarstva kulture RH smje\u0161tenom unutar zidina Dioklecijanove pala\u010de, a samim time i pod za\u0161titom UNESCO-a.<br class=\"\"><br class=\"\">\n\nOvim projektom omogu\u0107avamo posebne popuste na smje\u0161taj u Hotelu Slavija svim posjetiteljima koji su na bilo koji na\u010din povezani s institucijama koje djeluju na podru\u010dju kulture. Tako\u0111er, udru\u017eenjima s interesom djelovanja na podru\u010dju kulture nudimo posebne cijene za smje\u0161taj i kori\u0161tenje konferencijske sale.\n\n<\/div>\n<\/div>\n<\/div>\n<\/div>\n<\/div>","protected":false},"excerpt":{"rendered":"PO\u0160ALJI UPIT Prijatelj prirode Prijatelj kulture Hotel Slavija, prijatelj prirode Osje\u0107amo se du\u017eni svakom gostu predstaviti podru\u010dje na kojem \u017eivimo kojeg istinski volimo, te smo odlu\u010dili na ovim stranicama poku\u0161ati prikazati da je osim veli\u010danstvenih gra\u0111evina i kulturnog naslje\u0111a, u\u017ee i \u0161ire podru\u010dje grada Splita jo\u0161 uvijek prekriveno velom mistike. Pogled sa vrhova planina od [&hellip;]","protected":false},"author":1,"featured_media":0,"parent":0,"menu_order":0,"comment_status":"closed","ping_status":"closed","template":"","meta":{"footnotes":""},"_links":{"self":[{"href":"https:\/\/www.hotelslavija.hr\/web\/wp-json\/wp\/v2\/pages\/622"}],"collection":[{"href":"https:\/\/www.hotelslavija.hr\/web\/wp-json\/wp\/v2\/pages"}],"about":[{"href":"https:\/\/www.hotelslavija.hr\/web\/wp-json\/wp\/v2\/types\/page"}],"author":[{"embeddable":true,"href":"https:\/\/www.hotelslavija.hr\/web\/wp-json\/wp\/v2\/users\/1"}],"replies":[{"embeddable":true,"href":"https:\/\/www.hotelslavija.hr\/web\/wp-json\/wp\/v2\/comments?post=622"}],"version-history":[{"count":3,"href":"https:\/\/www.hotelslavija.hr\/web\/wp-json\/wp\/v2\/pages\/622\/revisions"}],"predecessor-version":[{"id":626,"href":"https:\/\/www.hotelslavija.hr\/web\/wp-json\/wp\/v2\/pages\/622\/revisions\/626"}],"wp:attachment":[{"href":"https:\/\/www.hotelslavija.hr\/web\/wp-json\/wp\/v2\/media?parent=622"}],"curies":[{"name":"wp","href":"https:\/\/api.w.org\/{rel}","templated":true}]}}