{"id":47,"date":"2019-09-15T16:29:12","date_gmt":"2019-09-15T14:29:12","guid":{"rendered":"http:\/\/www.hotelslavija.hr\/web\/?page_id=47"},"modified":"2020-04-28T13:58:27","modified_gmt":"2020-04-28T11:58:27","slug":"localfriend","status":"publish","type":"page","link":"https:\/\/www.hotelslavija.hr\/web\/localfriend\/","title":{"rendered":"Sobe s terasom"},"content":{"rendered":"<div class=\"intro-about\">\n<p>Smje\u0161tene u srcu starog grada, unutar zidina Dioklecijanove pala\u010de, na\u0161e sobe sa terasom mogle bi<br>\nbiti savr\u0161en odabir za Va\u0161 boravak u Splitu.<br class=\"\"><br>\nU\u017eivajte u udobnosti i privatnosti koju pru\u017eaju te sobe: opremljene stolom, stolicama i suncobranom,<br>\nterasama mogu pristupiti samo gosti koji borave u tim superior sobama.<br class=\"\"><br>\nRestoran Para di \u0160oto, lociran u prizemlju zgrade hotela, osim \u0161to ima lijepo ure\u0111eno dvori\u0161te gdje<br>\ngosti tako\u0111er mogu sjediti vani, nudi besplatnu poslugu u sobu svim gostima hotela.<br class=\"\"><br>\nHotel Slavija i restoran Para di \u0160oto uskla\u0111eni su sa sigurnosnim i za\u0161tnim mjerama po pitanju zdravlja<br>\nu turizmu koje propisuje Svjetska zdravstvena organizacija. Upoznajte se sa na\u0161im <a href=\"http:\/\/www.hotelslavija.hr\/web\/wp-content\/uploads\/2020\/04\/MJERE-ZA-ZAS\u030cTITU-I-OC\u030cUVANJE-ZDRAVLJA-\u2013-COVID-19.pdf\" target=\"_blank\" rel=\"noopener noreferrer\">Mjerama za za\u0161titu i o\u010duvanje zdravlja.<\/a><\/p>\n<\/div>\n<p><br class=\"\"><br><br class=\"\"><br><br class=\"\"><\/p>\n<div class=\"hes-gallery\">\n<div class=\"gallery-grid\">\n<div class=\"column\">\n<img decoding=\"async\" style=\"width: 100%;\" src=\"http:\/\/www.hotelslavija.hr\/web\/wp-content\/uploads\/2019\/09\/triple-superior-6.jpg\"><br>\n<img decoding=\"async\" style=\"width: 100%;\" src=\"http:\/\/www.hotelslavija.hr\/web\/wp-content\/uploads\/2019\/09\/double-superior-1.jpg\">\n<\/div>\n<div class=\"column\">\n<img decoding=\"async\" style=\"width: 100%;\" src=\"http:\/\/www.hotelslavija.hr\/web\/wp-content\/uploads\/2019\/09\/triple-superior-7.jpg\" alt=\"\" class=\"wp-image-318\"><br>\n<img decoding=\"async\" style=\"width: 100%;\" src=\"http:\/\/www.hotelslavija.hr\/web\/wp-content\/uploads\/2019\/09\/double-superior-2.jpg\" alt=\"\" class=\"wp-image-318\">\n<\/div>\n<div class=\"column\">\n<img decoding=\"async\" style=\"width: 100%;\" src=\"http:\/\/www.hotelslavija.hr\/web\/wp-content\/uploads\/2019\/09\/triple-superior-8.jpg\" alt=\"\" class=\"wp-image-318\"><br>\n<img decoding=\"async\" style=\"width: 100%;\" src=\"http:\/\/www.hotelslavija.hr\/web\/wp-content\/uploads\/2019\/09\/double-superior-3.jpg\" alt=\"\" class=\"wp-image-318\">\n<\/div>\n<div class=\"column\">\n<img decoding=\"async\" style=\"width: 100%;\" src=\"http:\/\/www.hotelslavija.hr\/web\/wp-content\/uploads\/2019\/09\/triple-superior-2.jpg\"><p><\/p>\n<\/div>\n<\/div>\n<\/div>\n\n\n<p><\/p>\n","protected":false},"excerpt":{"rendered":"Smje\u0161tene u srcu starog grada, unutar zidina Dioklecijanove pala\u010de, na\u0161e sobe sa terasom mogle bi biti savr\u0161en odabir za Va\u0161 boravak u Splitu. U\u017eivajte u udobnosti i privatnosti koju pru\u017eaju te sobe: opremljene stolom, stolicama i suncobranom, terasama mogu pristupiti samo gosti koji borave u tim superior sobama. Restoran Para di \u0160oto, lociran u prizemlju [&hellip;]","protected":false},"author":1,"featured_media":0,"parent":0,"menu_order":0,"comment_status":"closed","ping_status":"closed","template":"","meta":{"footnotes":""},"_links":{"self":[{"href":"https:\/\/www.hotelslavija.hr\/web\/wp-json\/wp\/v2\/pages\/47"}],"collection":[{"href":"https:\/\/www.hotelslavija.hr\/web\/wp-json\/wp\/v2\/pages"}],"about":[{"href":"https:\/\/www.hotelslavija.hr\/web\/wp-json\/wp\/v2\/types\/page"}],"author":[{"embeddable":true,"href":"https:\/\/www.hotelslavija.hr\/web\/wp-json\/wp\/v2\/users\/1"}],"replies":[{"embeddable":true,"href":"https:\/\/www.hotelslavija.hr\/web\/wp-json\/wp\/v2\/comments?post=47"}],"version-history":[{"count":9,"href":"https:\/\/www.hotelslavija.hr\/web\/wp-json\/wp\/v2\/pages\/47\/revisions"}],"predecessor-version":[{"id":372,"href":"https:\/\/www.hotelslavija.hr\/web\/wp-json\/wp\/v2\/pages\/47\/revisions\/372"}],"wp:attachment":[{"href":"https:\/\/www.hotelslavija.hr\/web\/wp-json\/wp\/v2\/media?parent=47"}],"curies":[{"name":"wp","href":"https:\/\/api.w.org\/{rel}","templated":true}]}}