{"id":43,"date":"2019-09-15T16:28:39","date_gmt":"2019-09-15T14:28:39","guid":{"rendered":"http:\/\/www.hotelslavija.hr\/web\/?page_id=43"},"modified":"2021-03-27T17:21:15","modified_gmt":"2021-03-27T16:21:15","slug":"lokacija-kontakt","status":"publish","type":"page","link":"https:\/\/www.hotelslavija.hr\/web\/lokacija-kontakt\/","title":{"rendered":"Lokacija &#038; Kontakt"},"content":{"rendered":"<div class=\"book-now-btn\"><a class=\"btn\" href=\"\/rezervirajte-sobu\">REZERVIRAJTE SOBU<\/a><\/div>\n<div class=\"location_info main-location\">\n<h2 class=\"main-title\">Lokacija<\/h2>\n\n<hr>\n\nHotel Slavija je smje\u0161ten unutar zidina <a class=\"wiki_link\" href=\"https:\/\/en.wikipedia.org\/wiki\/Diocletian%27s_Palace\" target=\"_blank\" rel=\"noopener noreferrer\"><strong>Dioklecijanove pala\u010de<\/strong><\/a>, u samom centru grada, te je time i idealno mjesto u kojem mo\u017eete odmoriti, ne\u0161to fino pojesti i nastaviti obilazak na\u0161e stare gradske jezgre. Hotel se nalazi na samo 3 m od <a class=\"wiki_link\" href=\"https:\/\/en.wikipedia.org\/wiki\/Temple_of_Jupiter,_Split\" target=\"_blank\" rel=\"noopener noreferrer\"><strong>Jupiterovog hrama<\/strong><\/a> i na 40 m od<a class=\"wiki_link\" href=\"https:\/\/en.wikipedia.org\/wiki\/Cathedral_of_Saint_Domnius\" target=\"_blank\" rel=\"noopener noreferrer\"><strong> zvonika sv. Duje<\/strong><\/a>. Ukoliko ste na dolasku ili odlasku iz na\u0161eg grada, Para di \u0161oto je super izbor s obzirom da smo svega 900 m udaljeni od trajektne luke, \u017eeljezni\u010dkog i autobusnog terminala &#8211; dolaznu stanicu autobusa iz zra\u010dne luke. Najsla\u0111e na kraju, kava na suncu posred Rive koja je od nas udaljena svega 65 m.\n\n<\/div>\n<div class=\"row location-row\">\n<div class=\"col-sm-6\">\n<img decoding=\"async\" class=\"img-responsive\" src=\"http:\/\/www.hotelslavija.hr\/web\/wp-content\/uploads\/2019\/09\/location-split.png\" alt=\"Location map - Para di \u0161oto\">\n<!--\n<div class=\"map\"><iframe loading=\"lazy\" src=\"https:\/\/www.google.com\/maps\/embed?pb=!1m18!1m12!1m3!1d2893.7214812580964!2d16.43697411521734!3d43.50814546981692!2m3!1f0!2f0!3f0!3m2!1i1024!2i768!4f13.1!3m3!1m2!1s0x13355dfe3661a8f5%3A0xde0be2794e729ff5!2sHotel%20Slavija%2C%20Split!5e0!3m2!1shr!2shr!4v1612646650492!5m2!1shr!2shr\" width=\"100%\" height=\"350\" frameborder=\"0\" style=\"border:0;\" allowfullscreen=\"\" aria-hidden=\"false\" tabindex=\"0\"><\/iframe><\/div>\n--><\/div>\n<div class=\"col-sm-6\">\n<div class=\"location_info contact_info\">\n<h2 class=\"main-title\">Kontakt<\/h2>\n\n<hr>\n\n<ul>\n \t<li><strong>adresa:<\/strong> Buvinina 2, 21000 Split, Hrvatska <a href=\"https:\/\/www.google.hr\/maps\/place\/Hotel+Slavija,+Split\/@43.5081455,16.4369741,17z\/data=!3m1!4b1!4m8!3m7!1s0x13355dfe3661a8f5:0xde0be2794e729ff5!5m2!4m1!1i2!8m2!3d43.5081416!4d16.4391628\" target=\"_blank\" rel=\"noopener noreferrer\">(pogledaj kartu)<\/a><\/li>\n \t<li><strong>e-mail:<\/strong> info (at) hotelslavija.hr<\/li>\n \t<li><strong>tel:<\/strong> +385 21 323 840<\/li>\n \t<li><strong>fax:<\/strong> +385 21 323 868<\/li>\n<\/ul>\n<\/div>\n<\/div>\n<\/div>","protected":false},"excerpt":{"rendered":"REZERVIRAJTE SOBU Lokacija Hotel Slavija je smje\u0161ten unutar zidina Dioklecijanove pala\u010de, u samom centru grada, te je time i idealno mjesto u kojem mo\u017eete odmoriti, ne\u0161to fino pojesti i nastaviti obilazak na\u0161e stare gradske jezgre. Hotel se nalazi na samo 3 m od Jupiterovog hrama i na 40 m od zvonika sv. Duje. Ukoliko ste [&hellip;]","protected":false},"author":1,"featured_media":0,"parent":0,"menu_order":0,"comment_status":"closed","ping_status":"closed","template":"","meta":{"footnotes":""},"_links":{"self":[{"href":"https:\/\/www.hotelslavija.hr\/web\/wp-json\/wp\/v2\/pages\/43"}],"collection":[{"href":"https:\/\/www.hotelslavija.hr\/web\/wp-json\/wp\/v2\/pages"}],"about":[{"href":"https:\/\/www.hotelslavija.hr\/web\/wp-json\/wp\/v2\/types\/page"}],"author":[{"embeddable":true,"href":"https:\/\/www.hotelslavija.hr\/web\/wp-json\/wp\/v2\/users\/1"}],"replies":[{"embeddable":true,"href":"https:\/\/www.hotelslavija.hr\/web\/wp-json\/wp\/v2\/comments?post=43"}],"version-history":[{"count":17,"href":"https:\/\/www.hotelslavija.hr\/web\/wp-json\/wp\/v2\/pages\/43\/revisions"}],"predecessor-version":[{"id":662,"href":"https:\/\/www.hotelslavija.hr\/web\/wp-json\/wp\/v2\/pages\/43\/revisions\/662"}],"wp:attachment":[{"href":"https:\/\/www.hotelslavija.hr\/web\/wp-json\/wp\/v2\/media?parent=43"}],"curies":[{"name":"wp","href":"https:\/\/api.w.org\/{rel}","templated":true}]}}